{"id":1934,"date":"2024-09-18T14:39:33","date_gmt":"2024-09-18T12:39:33","guid":{"rendered":"https:\/\/scanex360.com\/?page_id=1934"},"modified":"2025-01-16T15:13:30","modified_gmt":"2025-01-16T14:13:30","slug":"impresszum","status":"publish","type":"page","link":"https:\/\/scanex360.com\/de\/impresszum\/","title":{"rendered":"Impressum"},"content":{"rendered":"<div data-elementor-type=\"wp-page\" data-elementor-id=\"1934\" class=\"elementor elementor-1934\" data-elementor-post-type=\"page\">\n\t\t\t\t<div class=\"elementor-element elementor-element-4fcc349 e-flex e-con-boxed e-con e-parent\" data-id=\"4fcc349\" data-element_type=\"container\" data-e-type=\"container\" data-settings=\"{&quot;background_background&quot;:&quot;classic&quot;,&quot;shape_divider_top&quot;:&quot;tilt&quot;,&quot;shape_divider_bottom&quot;:&quot;tilt&quot;}\">\n\t\t\t\t\t<div class=\"e-con-inner\">\n\t\t\t\t<div class=\"elementor-shape elementor-shape-top\" aria-hidden=\"true\" data-negative=\"false\">\n\t\t\t<svg xmlns=\"http:\/\/www.w3.org\/2000\/svg\" viewbox=\"0 0 1000 100\" preserveaspectratio=\"none\">\n\t<path class=\"elementor-shape-fill\" d=\"M0,6V0h1000v100L0,6z\"\/>\n<\/svg>\t\t<\/div>\n\t\t\t\t<div class=\"elementor-shape elementor-shape-bottom\" aria-hidden=\"true\" data-negative=\"false\">\n\t\t\t<svg xmlns=\"http:\/\/www.w3.org\/2000\/svg\" viewbox=\"0 0 1000 100\" preserveaspectratio=\"none\">\n\t<path class=\"elementor-shape-fill\" d=\"M0,6V0h1000v100L0,6z\"\/>\n<\/svg>\t\t<\/div>\n\t\t\t\t<div class=\"elementor-element elementor-element-8494c91 elementor-widget elementor-widget-heading\" data-id=\"8494c91\" data-element_type=\"widget\" data-e-type=\"widget\" data-widget_type=\"heading.default\">\n\t\t\t\t<div class=\"elementor-widget-container\">\n\t\t\t\t\t<h1 class=\"elementor-heading-title elementor-size-default\">Impressum<\/h1>\t\t\t\t<\/div>\n\t\t\t\t<\/div>\n\t\t\t\t\t<\/div>\n\t\t\t\t<\/div>\n\t\t<div class=\"elementor-element elementor-element-fbe14f1 e-flex e-con-boxed e-con e-parent\" data-id=\"fbe14f1\" data-element_type=\"container\" data-e-type=\"container\">\n\t\t\t\t\t<div class=\"e-con-inner\">\n\t\t\t\t<div class=\"elementor-element elementor-element-85e5071 elementor-widget elementor-widget-text-editor\" data-id=\"85e5071\" data-element_type=\"widget\" data-e-type=\"widget\" data-widget_type=\"text-editor.default\">\n\t\t\t\t<div class=\"elementor-widget-container\">\n\t\t\t\t\t\t\t\t\t<h3 style=\"text-align: center;\">V\u00e1llalkoz\u00e1s adatai<\/h3><p style=\"text-align: center;\"><strong>C\u00e9gn\u00e9v:<\/strong> ScanEX 360 Kft.<\/p><p style=\"text-align: center;\"><strong>Tulajdonos, kapcsolattart\u00f3:<\/strong> T\u00f3th Tam\u00e1s<\/p><p style=\"text-align: center;\"><strong>Ad\u00f3sz\u00e1m:<\/strong> 32506653-2-02<\/p><p style=\"text-align: center;\"><strong>F\u0151tev\u00e9kenys\u00e9g:<\/strong>\u00a0 7112&#8217;08, M\u00e9rn\u00f6ki tev\u00e9kenys\u00e9g, m\u0171szaki tan\u00e1csad\u00e1s<\/p><p style=\"text-align: center;\"><strong>Sz\u00e9khely:<\/strong> 7625 P\u00e9cs, Hunyadi J\u00e1nos utca 32. 3. ajt\u00f3<\/p><p style=\"text-align: center;\"><strong>\u00dczleti tev\u00e9kenys\u00e9g helye:<\/strong> P\u00e9cs, Koller utca 7., 3. em., 35-\u00f6s iroda<\/p><p style=\"text-align: center;\"><strong>Postac\u00edm:<\/strong> 7625 P\u00e9cs, Hunyadi J\u00e1nos utca 32. 3. ajt\u00f3<\/p><p style=\"text-align: center;\"><strong>E-mail c\u00edm:<\/strong> <a href=\"mailto:hello@scanex360.com\" target=\"_blank\" rel=\"noopener\">hello@scanex360.com<\/a><\/p><p style=\"text-align: center;\"><strong>Webhely: <\/strong><a href=\"https:\/\/scanex360.com\/de\/\" target=\"_blank\" rel=\"noopener\">scanex360.com<\/a><\/p><p style=\"text-align: center;\"><strong>A c\u00e9get bejegyz\u0151 b\u00edr\u00f3s\u00e1g:\u00a0<\/strong>Baranya Megyei C\u00e9gb\u00edr\u00f3s\u00e1g<\/p><p style=\"text-align: center;\"><strong>Kamara:<\/strong> Baranya Megyei Kereskedelmi \u00c9s Iparkamara<\/p><p>\u00a0<\/p><h3 style=\"text-align: center;\">T\u00e1rhelyszolg\u00e1ltat\u00f3<\/h3><p style=\"text-align: center;\">N\u00e9v: NetMasters Kft.<\/p><p style=\"text-align: center;\">C\u00edm: 1105 Budapest, Cserkesz u. 32.<\/p><p style=\"text-align: center;\">Tel.: +36 30 923 4646<\/p><p style=\"text-align: center;\">Weboldal: <a href=\"https:\/\/netmasters.hu\/\" target=\"_blank\" rel=\"noopener\">netmasters.hu<\/a><\/p><p>\u00a0<\/p><h3 style=\"text-align: center;\">Weboldal karbantart\u00f3<\/h3><p style=\"text-align: center;\">N\u00e9v: Horonitz-Szalacsi Alexandra e.v.<\/p><p style=\"text-align: center;\">C\u00edm: 7627 P\u00e9cs, T\u00fcnd\u00e9r utca 3.<\/p><p style=\"text-align: center;\">Tel.: +36 20 361 4422<\/p><p style=\"text-align: center;\">E-mail: alexandra@bizzidesign.hu<\/p><p style=\"text-align: center;\">Ad\u00f3sz\u00e1m: 90389795-1-22<\/p><p style=\"text-align: center;\">Nyilv\u00e1ntart\u00e1si sz\u00e1m: 59576783<\/p><p style=\"text-align: center;\">Weboldal: <a href=\"https:\/\/bizzidesign.hu\/\" target=\"_blank\" rel=\"noopener\">bizzidesign.hu<\/a><\/p>\t\t\t\t\t\t\t\t<\/div>\n\t\t\t\t<\/div>\n\t\t\t\t\t<\/div>\n\t\t\t\t<\/div>\n\t\t\t\t<\/div>","protected":false},"excerpt":{"rendered":"<p>Impresszum V\u00e1llalkoz\u00e1s adatai C\u00e9gn\u00e9v: ScanEX 360 Kft. Tulajdonos, kapcsolattart\u00f3: T\u00f3th Tam\u00e1s Ad\u00f3sz\u00e1m: 32506653-2-02 F\u0151tev\u00e9kenys\u00e9g:\u00a0 7112&#8217;08, M\u00e9rn\u00f6ki tev\u00e9kenys\u00e9g, m\u0171szaki tan\u00e1csad\u00e1s Sz\u00e9khely: 7625 P\u00e9cs, Hunyadi J\u00e1nos utca 32. 3. ajt\u00f3 \u00dczleti tev\u00e9kenys\u00e9g helye: P\u00e9cs, Koller utca 7., 3. em., 35-\u00f6s iroda Postac\u00edm: 7625 P\u00e9cs, Hunyadi J\u00e1nos utca 32. 3. ajt\u00f3 E-mail c\u00edm: hello@scanex360.com Webhely: scanex360.com A c\u00e9get [&hellip;]<\/p>\n","protected":false},"author":2,"featured_media":0,"parent":0,"menu_order":0,"comment_status":"closed","ping_status":"closed","template":"","meta":{"_seopress_robots_primary_cat":"","_seopress_titles_title":"Impresszum | ScanEX 360\u00b0 - A pontfelh\u0151 szak\u00e9rt\u0151","_seopress_titles_desc":"Innovat\u00edv \u00e9p\u00fclet felm\u00e9r\u00e9s, 3D pontfelh\u0151 \u00e9s modell, 360 C\u00b0-os l\u00e9zerszkennel\u00e9s \u00e9p\u00edt\u00e9szek \u00e9s m\u00e9rn\u00f6k\u00f6k sz\u00e1m\u00e1ra","_seopress_robots_index":"","footnotes":""},"class_list":["post-1934","page","type-page","status-publish","hentry"],"_links":{"self":[{"href":"https:\/\/scanex360.com\/de\/wp-json\/wp\/v2\/pages\/1934","targetHints":{"allow":["GET"]}}],"collection":[{"href":"https:\/\/scanex360.com\/de\/wp-json\/wp\/v2\/pages"}],"about":[{"href":"https:\/\/scanex360.com\/de\/wp-json\/wp\/v2\/types\/page"}],"author":[{"embeddable":true,"href":"https:\/\/scanex360.com\/de\/wp-json\/wp\/v2\/users\/2"}],"replies":[{"embeddable":true,"href":"https:\/\/scanex360.com\/de\/wp-json\/wp\/v2\/comments?post=1934"}],"version-history":[{"count":0,"href":"https:\/\/scanex360.com\/de\/wp-json\/wp\/v2\/pages\/1934\/revisions"}],"wp:attachment":[{"href":"https:\/\/scanex360.com\/de\/wp-json\/wp\/v2\/media?parent=1934"}],"curies":[{"name":"wp","href":"https:\/\/api.w.org\/{rel}","templated":true}]}}